{"id":15350,"date":"2024-09-16T14:59:12","date_gmt":"2024-09-16T12:59:12","guid":{"rendered":"https:\/\/www.leclarisse.com\/lavora-con-noi\/"},"modified":"2025-07-14T11:19:36","modified_gmt":"2025-07-14T09:19:36","slug":"arbeite-mit-uns","status":"publish","type":"page","link":"https:\/\/www.leclarisse.com\/de\/arbeite-mit-uns\/","title":{"rendered":"Arbeite mit uns!"},"content":{"rendered":"\t\t<div data-elementor-type=\"wp-page\" data-elementor-id=\"15350\" class=\"elementor elementor-15350 elementor-13614\">\n\t\t\t\t\t\t<section class=\"elementor-section elementor-top-section elementor-element elementor-element-2977c87c elementor-section-height-min-height cs-section-content-fullwidth cs-parallax-on-scroll cs_scroll_y_80 elementor-section-boxed elementor-section-height-default elementor-section-items-middle\" data-id=\"2977c87c\" data-element_type=\"section\" data-settings=\"{&quot;background_background&quot;:&quot;classic&quot;}\" data-cs-parallax-y=\"80\" style=\"background-image: none;\" data-cs-background-image=\"https:\/\/www.leclarisse.com\/wp-content\/uploads\/2024\/09\/group-young-people-holding-hands-scaled.jpg\">\n\t\t\t\t\t\t\t<div class=\"elementor-background-overlay\"><\/div>\n\t\t\t\t\t\t\t<div class=\"elementor-container elementor-column-gap-no\">\n\t\t\t\t\t<div class=\"elementor-column elementor-col-100 elementor-top-column elementor-element elementor-element-784d8ad dark-color\" data-id=\"784d8ad\" data-element_type=\"column\">\n\t\t\t<div class=\"elementor-widget-wrap elementor-element-populated\">\n\t\t\t\t\t\t<div class=\"elementor-element elementor-element-1a64c3d7 elementor-widget elementor-widget-cs_title\" data-id=\"1a64c3d7\" data-element_type=\"widget\" data-widget_type=\"cs_title.default\">\n\t\t\t\t<div class=\"elementor-widget-container\">\n\t\t\t\t\t\n        <div class=\"cs-title-wrap text-center\">\t            <h1 class=\"cs-title\">\n\t                Arbeite mit uns!\t            <\/h1>        <\/div>\t\t\t\t<\/div>\n\t\t\t\t<\/div>\n\t\t\t\t\t<\/div>\n\t\t<\/div>\n\t\t\t\t\t<\/div>\n\t\t<\/section>\n\t\t\t\t<section class=\"elementor-section elementor-top-section elementor-element elementor-element-ea82f95 elementor-section-content-middle cs-section-content-fullwidth cs-animation-small-offset elementor-section-boxed elementor-section-height-default elementor-section-height-default elementor-invisible\" data-id=\"ea82f95\" data-element_type=\"section\" data-settings=\"{&quot;background_background&quot;:&quot;classic&quot;,&quot;animation&quot;:&quot;fadeInUp&quot;,&quot;animation_delay&quot;:300}\">\n\t\t\t\t\t\t<div class=\"elementor-container elementor-column-gap-no\">\n\t\t\t\t\t<div class=\"elementor-column elementor-col-66 elementor-top-column elementor-element elementor-element-7bcdc74\" data-id=\"7bcdc74\" data-element_type=\"column\" data-settings=\"{&quot;background_background&quot;:&quot;classic&quot;}\">\n\t\t\t<div class=\"elementor-widget-wrap elementor-element-populated\">\n\t\t\t\t\t\t<div class=\"elementor-element elementor-element-289d0b8 elementor-widget elementor-widget-cs_title\" data-id=\"289d0b8\" data-element_type=\"widget\" data-widget_type=\"cs_title.default\">\n\t\t\t\t<div class=\"elementor-widget-container\">\n\t\t\t\t\t\n        <div class=\"cs-title-wrap\">\t            <h3 class=\"cs-title\">\n\t                Arbeite mit uns!\t            <\/h3>\t            <div class=\"cs-title-text\">\n\t                <p>Jeden Tag schaffen wir Erlebnisse, die \u00fcber einen einfachen Aufenthalt hinausgehen: Wir bauen Erinnerungen auf, pflegen Emotionen und machen jeden Besuch unvergesslich. Wir suchen Fachleute im <strong>Gastgewerbe mit einer gro\u00dfen Leidenschaft<\/strong> f\u00fcr diesen Bereich, die bereit sind, zu unserem Ziel der Exzellenz beizutragen.<\/p>\n<p><strong>Warum Teil unseres Teams werden?<\/strong><\/p>\n<p><strong>Kreativit\u00e4t und Innovation<\/strong>: Unsere Mission ist es, die Erwartungen unserer G\u00e4ste zu antizipieren und zu \u00fcbertreffen. Wenn du die Leidenschaft hast, neue Wege zu finden, um zu \u00fcberraschen, in einer Umgebung, die Initiative und Kreativit\u00e4t sch\u00e4tzt, bist du bei uns genau richtig.<\/p>\n<p><strong>Dynamische und anregende Umgebung<\/strong>: Wir f\u00fchren sich st\u00e4ndig weiterentwickelnde Unterk\u00fcnfte, in denen das Tempo lebendig ist und jeder Tag neue Herausforderungen und Wachstumschancen mit sich bringt.<\/p>\n<p><strong>Berufliche Entwicklung<\/strong>: Wir glauben an das Potenzial der Menschen. Wenn du bei uns arbeitest, hast du Zugang zu Schulungsprogrammen und Entwicklungsm\u00f6glichkeiten in einer Umgebung, die kontinuierliche Verbesserung f\u00f6rdert und Talent wertsch\u00e4tzt.<\/p>\n<p><strong>Bist du unser idealer Kandidat?<\/strong><\/p>\n<p>Wir suchen Menschen, die nicht nur \u00fcber die richtigen F\u00e4higkeiten verf\u00fcgen, sondern auch eine tiefgehende Hingabe f\u00fcr die Hotel- und Gastgewerbebranche haben. Wenn du das Gef\u00fchl hast, deine Leidenschaft und Entschlossenheit t\u00e4glich einbringen zu k\u00f6nnen, laden wir dich ein, dich zu bewerben. Wir freuen uns darauf, dich kennenzulernen und gemeinsam herauszufinden, wie du unser Team bereichern kannst.<\/p>\n\t            <\/div>        <\/div>\t\t\t\t<\/div>\n\t\t\t\t<\/div>\n\t\t\t\t\t<\/div>\n\t\t<\/div>\n\t\t\t\t<div class=\"elementor-column elementor-col-33 elementor-top-column elementor-element elementor-element-7032069\" data-id=\"7032069\" data-element_type=\"column\" data-settings=\"{&quot;background_background&quot;:&quot;classic&quot;}\">\n\t\t\t<div class=\"elementor-widget-wrap elementor-element-populated\">\n\t\t\t\t\t\t<div class=\"elementor-element elementor-element-be2bdf3 elementor-widget elementor-widget-cs_title\" data-id=\"be2bdf3\" data-element_type=\"widget\" data-widget_type=\"cs_title.default\">\n\t\t\t\t<div class=\"elementor-widget-container\">\n\t\t\t\t\t\n        <div class=\"cs-title-wrap text-center\">\t            <div class=\"cs-subtitle-wrap\"><span class=\"cs-subtitle\">M\u00f6chtest du dich bewerben oder mehr erfahren?<\/span><\/div>\t            <h6 class=\"cs-title\">\n\t                Schreib uns!\t            <\/h6>        <\/div>\t\t\t\t<\/div>\n\t\t\t\t<\/div>\n\t\t\t\t\t<\/div>\n\t\t<\/div>\n\t\t\t\t\t<\/div>\n\t\t<\/section>\n\t\t\t\t<\/div>\n\t\t","protected":false},"excerpt":{"rendered":"<p>Arbeite mit uns! Arbeite mit uns! Jeden Tag schaffen wir Erlebnisse, die \u00fcber einen einfachen Aufenthalt hinausgehen: Wir bauen Erinnerungen auf, pflegen Emotionen und machen jeden Besuch unvergesslich. Wir suchen Fachleute im Gastgewerbe mit einer gro\u00dfen Leidenschaft f\u00fcr diesen Bereich, die bereit sind, zu unserem Ziel der Exzellenz beizutragen. Warum Teil unseres Teams werden? Kreativit\u00e4t &#8230;<\/p>\n","protected":false},"author":6,"featured_media":0,"parent":0,"menu_order":0,"comment_status":"closed","ping_status":"closed","template":"template-wide-content.php","meta":{"cozystay_single_page_hide_site_header":"","cozystay_single_page_site_header_source":"","cozystay_single_page_custom_site_header":"0","cozystay_single_page_custom_sticky_site_header":"0","cozystay_single_page_hide_page_title":"on","cozystay_single_page_header_section_size":"","cozystay_single_page_header_background_color":"","cozystay_single_page_header_background_position_x":"center","cozystay_single_page_header_background_position_y":"center","cozystay_single_page_header_background_size":"cover","cozystay_single_page_header_background_repeat":"off","cozystay_single_page_header_background_scroll":"on","cozystay_single_page_header_text_color":"","cozystay_single_page_header_show_breadcrumb":"","cozystay_single_page_site_footer_hide_main":"","cozystay_single_custom_site_footer_main_source":"","cozystay_single_custom_site_footer_main":"0","cozystay_single_page_site_footer_hide_above":"","cozystay_single_custom_site_footer_above_source":"","cozystay_single_custom_site_footer_above":"0","cozystay_single_page_site_footer_hide_instagram":"","cozystay_single_page_site_footer_hide_bottom":"","cozystay_single_custom_mobile_menu_source":"","cozystay_single_custom_mobile_menu":"0","cozystay_single_custom_mobile_menu_animation":"","cozystay_single_custom_mobile_menu_width":"","cozystay_single_custom_mobile_menu_custom_width":375,"footnotes":""},"class_list":["post-15350","page","type-page","status-publish","hentry"],"yoast_head":"<!-- This site is optimized with the Yoast SEO plugin v25.4 - https:\/\/yoast.com\/wordpress\/plugins\/seo\/ -->\n<title>Arbeite mit uns! - Le Clarisse - Rome<\/title>\n<meta name=\"robots\" content=\"index, follow, max-snippet:-1, max-image-preview:large, max-video-preview:-1\" \/>\n<link rel=\"canonical\" href=\"https:\/\/www.leclarisse.com\/de\/arbeite-mit-uns\/\" \/>\n<meta property=\"og:locale\" content=\"de_DE\" \/>\n<meta property=\"og:type\" content=\"article\" \/>\n<meta property=\"og:title\" content=\"Arbeite mit uns! - Le Clarisse - Rome\" \/>\n<meta property=\"og:description\" content=\"Arbeite mit uns! Arbeite mit uns! Jeden Tag schaffen wir Erlebnisse, die \u00fcber einen einfachen Aufenthalt hinausgehen: Wir bauen Erinnerungen auf, pflegen Emotionen und machen jeden Besuch unvergesslich. Wir suchen Fachleute im Gastgewerbe mit einer gro\u00dfen Leidenschaft f\u00fcr diesen Bereich, die bereit sind, zu unserem Ziel der Exzellenz beizutragen. Warum Teil unseres Teams werden? Kreativit\u00e4t ...\" \/>\n<meta property=\"og:url\" content=\"https:\/\/www.leclarisse.com\/de\/arbeite-mit-uns\/\" \/>\n<meta property=\"og:site_name\" content=\"Le Clarisse - Rome\" \/>\n<meta property=\"article:modified_time\" content=\"2025-07-14T09:19:36+00:00\" \/>\n<meta name=\"twitter:card\" content=\"summary_large_image\" \/>\n<meta name=\"twitter:label1\" content=\"Gesch\u00e4tzte Lesezeit\" \/>\n\t<meta name=\"twitter:data1\" content=\"2\u00a0Minuten\" \/>\n<script type=\"application\/ld+json\" class=\"yoast-schema-graph\">{\"@context\":\"https:\/\/schema.org\",\"@graph\":[{\"@type\":\"WebPage\",\"@id\":\"https:\/\/www.leclarisse.com\/de\/arbeite-mit-uns\/\",\"url\":\"https:\/\/www.leclarisse.com\/de\/arbeite-mit-uns\/\",\"name\":\"Arbeite mit uns! - Le Clarisse - Rome\",\"isPartOf\":{\"@id\":\"https:\/\/www.leclarisse.com\/de\/#website\"},\"datePublished\":\"2024-09-16T12:59:12+00:00\",\"dateModified\":\"2025-07-14T09:19:36+00:00\",\"breadcrumb\":{\"@id\":\"https:\/\/www.leclarisse.com\/de\/arbeite-mit-uns\/#breadcrumb\"},\"inLanguage\":\"de\",\"potentialAction\":[{\"@type\":\"ReadAction\",\"target\":[\"https:\/\/www.leclarisse.com\/de\/arbeite-mit-uns\/\"]}]},{\"@type\":\"BreadcrumbList\",\"@id\":\"https:\/\/www.leclarisse.com\/de\/arbeite-mit-uns\/#breadcrumb\",\"itemListElement\":[{\"@type\":\"ListItem\",\"position\":1,\"name\":\"Home\",\"item\":\"https:\/\/www.leclarisse.com\/de\/\"},{\"@type\":\"ListItem\",\"position\":2,\"name\":\"Arbeite mit uns!\"}]},{\"@type\":\"WebSite\",\"@id\":\"https:\/\/www.leclarisse.com\/de\/#website\",\"url\":\"https:\/\/www.leclarisse.com\/de\/\",\"name\":\"Le Clarisse - Rome\",\"description\":\"\",\"publisher\":{\"@id\":\"https:\/\/www.leclarisse.com\/de\/#organization\"},\"potentialAction\":[{\"@type\":\"SearchAction\",\"target\":{\"@type\":\"EntryPoint\",\"urlTemplate\":\"https:\/\/www.leclarisse.com\/de\/?s={search_term_string}\"},\"query-input\":{\"@type\":\"PropertyValueSpecification\",\"valueRequired\":true,\"valueName\":\"search_term_string\"}}],\"inLanguage\":\"de\"},{\"@type\":\"Organization\",\"@id\":\"https:\/\/www.leclarisse.com\/de\/#organization\",\"name\":\"Le Clarisse - Rome\",\"url\":\"https:\/\/www.leclarisse.com\/de\/\",\"logo\":{\"@type\":\"ImageObject\",\"inLanguage\":\"de\",\"@id\":\"https:\/\/www.leclarisse.com\/de\/#\/schema\/logo\/image\/\",\"url\":\"https:\/\/www.leclarisse.com\/wp-content\/uploads\/2024\/11\/Asset-1@1.5x.webp\",\"contentUrl\":\"https:\/\/www.leclarisse.com\/wp-content\/uploads\/2024\/11\/Asset-1@1.5x.webp\",\"width\":1085,\"height\":960,\"caption\":\"Le Clarisse - Rome\"},\"image\":{\"@id\":\"https:\/\/www.leclarisse.com\/de\/#\/schema\/logo\/image\/\"}}]}<\/script>\n<!-- \/ Yoast SEO plugin. -->","yoast_head_json":{"title":"Arbeite mit uns! - Le Clarisse - Rome","robots":{"index":"index","follow":"follow","max-snippet":"max-snippet:-1","max-image-preview":"max-image-preview:large","max-video-preview":"max-video-preview:-1"},"canonical":"https:\/\/www.leclarisse.com\/de\/arbeite-mit-uns\/","og_locale":"de_DE","og_type":"article","og_title":"Arbeite mit uns! - Le Clarisse - Rome","og_description":"Arbeite mit uns! Arbeite mit uns! Jeden Tag schaffen wir Erlebnisse, die \u00fcber einen einfachen Aufenthalt hinausgehen: Wir bauen Erinnerungen auf, pflegen Emotionen und machen jeden Besuch unvergesslich. Wir suchen Fachleute im Gastgewerbe mit einer gro\u00dfen Leidenschaft f\u00fcr diesen Bereich, die bereit sind, zu unserem Ziel der Exzellenz beizutragen. Warum Teil unseres Teams werden? Kreativit\u00e4t ...","og_url":"https:\/\/www.leclarisse.com\/de\/arbeite-mit-uns\/","og_site_name":"Le Clarisse - Rome","article_modified_time":"2025-07-14T09:19:36+00:00","twitter_card":"summary_large_image","twitter_misc":{"Gesch\u00e4tzte Lesezeit":"2\u00a0Minuten"},"schema":{"@context":"https:\/\/schema.org","@graph":[{"@type":"WebPage","@id":"https:\/\/www.leclarisse.com\/de\/arbeite-mit-uns\/","url":"https:\/\/www.leclarisse.com\/de\/arbeite-mit-uns\/","name":"Arbeite mit uns! - Le Clarisse - Rome","isPartOf":{"@id":"https:\/\/www.leclarisse.com\/de\/#website"},"datePublished":"2024-09-16T12:59:12+00:00","dateModified":"2025-07-14T09:19:36+00:00","breadcrumb":{"@id":"https:\/\/www.leclarisse.com\/de\/arbeite-mit-uns\/#breadcrumb"},"inLanguage":"de","potentialAction":[{"@type":"ReadAction","target":["https:\/\/www.leclarisse.com\/de\/arbeite-mit-uns\/"]}]},{"@type":"BreadcrumbList","@id":"https:\/\/www.leclarisse.com\/de\/arbeite-mit-uns\/#breadcrumb","itemListElement":[{"@type":"ListItem","position":1,"name":"Home","item":"https:\/\/www.leclarisse.com\/de\/"},{"@type":"ListItem","position":2,"name":"Arbeite mit uns!"}]},{"@type":"WebSite","@id":"https:\/\/www.leclarisse.com\/de\/#website","url":"https:\/\/www.leclarisse.com\/de\/","name":"Le Clarisse - Rome","description":"","publisher":{"@id":"https:\/\/www.leclarisse.com\/de\/#organization"},"potentialAction":[{"@type":"SearchAction","target":{"@type":"EntryPoint","urlTemplate":"https:\/\/www.leclarisse.com\/de\/?s={search_term_string}"},"query-input":{"@type":"PropertyValueSpecification","valueRequired":true,"valueName":"search_term_string"}}],"inLanguage":"de"},{"@type":"Organization","@id":"https:\/\/www.leclarisse.com\/de\/#organization","name":"Le Clarisse - Rome","url":"https:\/\/www.leclarisse.com\/de\/","logo":{"@type":"ImageObject","inLanguage":"de","@id":"https:\/\/www.leclarisse.com\/de\/#\/schema\/logo\/image\/","url":"https:\/\/www.leclarisse.com\/wp-content\/uploads\/2024\/11\/Asset-1@1.5x.webp","contentUrl":"https:\/\/www.leclarisse.com\/wp-content\/uploads\/2024\/11\/Asset-1@1.5x.webp","width":1085,"height":960,"caption":"Le Clarisse - Rome"},"image":{"@id":"https:\/\/www.leclarisse.com\/de\/#\/schema\/logo\/image\/"}}]}},"_links":{"self":[{"href":"https:\/\/www.leclarisse.com\/de\/wp-json\/wp\/v2\/pages\/15350","targetHints":{"allow":["GET"]}}],"collection":[{"href":"https:\/\/www.leclarisse.com\/de\/wp-json\/wp\/v2\/pages"}],"about":[{"href":"https:\/\/www.leclarisse.com\/de\/wp-json\/wp\/v2\/types\/page"}],"author":[{"embeddable":true,"href":"https:\/\/www.leclarisse.com\/de\/wp-json\/wp\/v2\/users\/6"}],"replies":[{"embeddable":true,"href":"https:\/\/www.leclarisse.com\/de\/wp-json\/wp\/v2\/comments?post=15350"}],"version-history":[{"count":6,"href":"https:\/\/www.leclarisse.com\/de\/wp-json\/wp\/v2\/pages\/15350\/revisions"}],"predecessor-version":[{"id":15504,"href":"https:\/\/www.leclarisse.com\/de\/wp-json\/wp\/v2\/pages\/15350\/revisions\/15504"}],"wp:attachment":[{"href":"https:\/\/www.leclarisse.com\/de\/wp-json\/wp\/v2\/media?parent=15350"}],"curies":[{"name":"wp","href":"https:\/\/api.w.org\/{rel}","templated":true}]}}