{"id":15352,"date":"2024-09-16T14:59:12","date_gmt":"2024-09-16T12:59:12","guid":{"rendered":"https:\/\/www.leclarisse.com\/lavora-con-noi\/"},"modified":"2025-07-14T11:10:50","modified_gmt":"2025-07-14T09:10:50","slug":"lavora-con-noi","status":"publish","type":"page","link":"https:\/\/www.leclarisse.com\/it\/lavora-con-noi\/","title":{"rendered":"Lavora con noi"},"content":{"rendered":"\t\t<div data-elementor-type=\"wp-page\" data-elementor-id=\"15352\" class=\"elementor elementor-15352 elementor-13614\">\n\t\t\t\t\t\t<section class=\"elementor-section elementor-top-section elementor-element elementor-element-2977c87c elementor-section-height-min-height cs-section-content-fullwidth cs-parallax-on-scroll cs_scroll_y_80 elementor-section-boxed elementor-section-height-default elementor-section-items-middle\" data-id=\"2977c87c\" data-element_type=\"section\" data-settings=\"{&quot;background_background&quot;:&quot;classic&quot;}\" data-cs-parallax-y=\"80\" style=\"background-image: none;\" data-cs-background-image=\"https:\/\/www.leclarisse.com\/wp-content\/uploads\/2024\/09\/group-young-people-holding-hands-scaled.jpg\">\n\t\t\t\t\t\t\t<div class=\"elementor-background-overlay\"><\/div>\n\t\t\t\t\t\t\t<div class=\"elementor-container elementor-column-gap-no\">\n\t\t\t\t\t<div class=\"elementor-column elementor-col-100 elementor-top-column elementor-element elementor-element-784d8ad dark-color\" data-id=\"784d8ad\" data-element_type=\"column\">\n\t\t\t<div class=\"elementor-widget-wrap elementor-element-populated\">\n\t\t\t\t\t\t<div class=\"elementor-element elementor-element-1a64c3d7 elementor-widget elementor-widget-cs_title\" data-id=\"1a64c3d7\" data-element_type=\"widget\" data-widget_type=\"cs_title.default\">\n\t\t\t\t<div class=\"elementor-widget-container\">\n\t\t\t\t\t\n        <div class=\"cs-title-wrap text-center\">\t            <h1 class=\"cs-title\">\n\t                Lavora con noi\t            <\/h1>        <\/div>\t\t\t\t<\/div>\n\t\t\t\t<\/div>\n\t\t\t\t\t<\/div>\n\t\t<\/div>\n\t\t\t\t\t<\/div>\n\t\t<\/section>\n\t\t\t\t<section class=\"elementor-section elementor-top-section elementor-element elementor-element-ea82f95 elementor-section-content-middle cs-section-content-fullwidth cs-animation-small-offset elementor-section-boxed elementor-section-height-default elementor-section-height-default elementor-invisible\" data-id=\"ea82f95\" data-element_type=\"section\" data-settings=\"{&quot;background_background&quot;:&quot;classic&quot;,&quot;animation&quot;:&quot;fadeInUp&quot;,&quot;animation_delay&quot;:300}\">\n\t\t\t\t\t\t<div class=\"elementor-container elementor-column-gap-no\">\n\t\t\t\t\t<div class=\"elementor-column elementor-col-66 elementor-top-column elementor-element elementor-element-7bcdc74\" data-id=\"7bcdc74\" data-element_type=\"column\" data-settings=\"{&quot;background_background&quot;:&quot;classic&quot;}\">\n\t\t\t<div class=\"elementor-widget-wrap elementor-element-populated\">\n\t\t\t\t\t\t<div class=\"elementor-element elementor-element-289d0b8 elementor-widget elementor-widget-cs_title\" data-id=\"289d0b8\" data-element_type=\"widget\" data-widget_type=\"cs_title.default\">\n\t\t\t\t<div class=\"elementor-widget-container\">\n\t\t\t\t\t\n        <div class=\"cs-title-wrap\">\t            <h3 class=\"cs-title\">\n\t                Unisciti a noi!\t            <\/h3>\t            <div class=\"cs-title-text\">\n\t                <p>Ogni giorno creiamo esperienze che vanno oltre il semplice soggiorno: costruiamo ricordi, coltiviamo emozioni e rendiamo ogni visita davvero memorabile. <strong>Stiamo cercando professionisti dell&#8217;ospitalit\u00e0<\/strong> con una forte passione per questo settore, pronti a contribuire al nostro obiettivo di eccellenza.<\/p>\n<p><strong>Perch\u00e9 entrare a far parte della nostra squadra?<\/strong><\/p>\n<p><strong>Creativit\u00e0 e Innovazione:<\/strong> La nostra missione \u00e8 anticipare e superare le aspettative dei nostri ospiti. Se hai la passione per ideare nuovi modi di sorprendere, in un ambiente che valorizza l\u2019iniziativa e la creativit\u00e0, sarai nel posto giusto.<\/p>\n<p><strong>Ambiente Dinamico e Stimolante:<\/strong> Gestiamo strutture ricettive in continua evoluzione, dove il ritmo \u00e8 vivace e dove ogni giornata riserva nuove sfide e momenti di crescita.<\/p>\n<p><strong>Crescita Professionale:<\/strong> Crediamo nel potenziale delle persone. Lavorando con noi, avrai accesso a percorsi formativi e opportunit\u00e0 di sviluppo, in un ambiente che incoraggia il miglioramento continuo e valorizza il talento.<\/p>\n<p><strong>Sei il nostro candidato ideale?<\/strong><\/p>\n<p>Cerchiamo persone che abbiano non solo competenze, ma una profonda dedizione per il settore alberghiero e l\u2019ospitalit\u00e0. Se senti di poter portare la tua passione e determinazione per fare la differenza ogni giorno, ti invitiamo a candidarti. Saremo lieti di conoscerti e di valutare insieme le opportunit\u00e0 che il nostro gruppo pu\u00f2 offrirti.<\/p>\n\t            <\/div>        <\/div>\t\t\t\t<\/div>\n\t\t\t\t<\/div>\n\t\t\t\t\t<\/div>\n\t\t<\/div>\n\t\t\t\t<div class=\"elementor-column elementor-col-33 elementor-top-column elementor-element elementor-element-7032069\" data-id=\"7032069\" data-element_type=\"column\" data-settings=\"{&quot;background_background&quot;:&quot;classic&quot;}\">\n\t\t\t<div class=\"elementor-widget-wrap elementor-element-populated\">\n\t\t\t\t\t\t<div class=\"elementor-element elementor-element-be2bdf3 elementor-widget elementor-widget-cs_title\" data-id=\"be2bdf3\" data-element_type=\"widget\" data-widget_type=\"cs_title.default\">\n\t\t\t\t<div class=\"elementor-widget-container\">\n\t\t\t\t\t\n        <div class=\"cs-title-wrap text-center\">\t            <div class=\"cs-subtitle-wrap\"><span class=\"cs-subtitle\">Vuoi candidarti o saperne di pi\u00f9?<\/span><\/div>\t            <h6 class=\"cs-title\">\n\t                Scrivici\t            <\/h6>        <\/div>\t\t\t\t<\/div>\n\t\t\t\t<\/div>\n\t\t\t\t\t<\/div>\n\t\t<\/div>\n\t\t\t\t\t<\/div>\n\t\t<\/section>\n\t\t\t\t<\/div>\n\t\t","protected":false},"excerpt":{"rendered":"<p>Lavora con noi Unisciti a noi! Ogni giorno creiamo esperienze che vanno oltre il semplice soggiorno: costruiamo ricordi, coltiviamo emozioni e rendiamo ogni visita davvero memorabile. Stiamo cercando professionisti dell&#8217;ospitalit\u00e0 con una forte passione per questo settore, pronti a contribuire al nostro obiettivo di eccellenza. Perch\u00e9 entrare a far parte della nostra squadra? Creativit\u00e0 e &#8230;<\/p>\n","protected":false},"author":6,"featured_media":0,"parent":0,"menu_order":0,"comment_status":"closed","ping_status":"closed","template":"template-wide-content.php","meta":{"cozystay_single_page_hide_site_header":"","cozystay_single_page_site_header_source":"","cozystay_single_page_custom_site_header":"0","cozystay_single_page_custom_sticky_site_header":"0","cozystay_single_page_hide_page_title":"on","cozystay_single_page_header_section_size":"","cozystay_single_page_header_background_color":"","cozystay_single_page_header_background_position_x":"center","cozystay_single_page_header_background_position_y":"center","cozystay_single_page_header_background_size":"cover","cozystay_single_page_header_background_repeat":"off","cozystay_single_page_header_background_scroll":"on","cozystay_single_page_header_text_color":"","cozystay_single_page_header_show_breadcrumb":"","cozystay_single_page_site_footer_hide_main":"","cozystay_single_custom_site_footer_main_source":"","cozystay_single_custom_site_footer_main":"0","cozystay_single_page_site_footer_hide_above":"","cozystay_single_custom_site_footer_above_source":"","cozystay_single_custom_site_footer_above":"0","cozystay_single_page_site_footer_hide_instagram":"","cozystay_single_page_site_footer_hide_bottom":"","cozystay_single_custom_mobile_menu_source":"","cozystay_single_custom_mobile_menu":"0","cozystay_single_custom_mobile_menu_animation":"","cozystay_single_custom_mobile_menu_width":"","cozystay_single_custom_mobile_menu_custom_width":375,"footnotes":""},"class_list":["post-15352","page","type-page","status-publish","hentry"],"yoast_head":"<!-- This site is optimized with the Yoast SEO plugin v25.4 - https:\/\/yoast.com\/wordpress\/plugins\/seo\/ -->\n<title>Lavora con noi - Le Clarisse - Rome<\/title>\n<meta name=\"robots\" content=\"index, follow, max-snippet:-1, max-image-preview:large, max-video-preview:-1\" \/>\n<link rel=\"canonical\" href=\"https:\/\/www.leclarisse.com\/it\/lavora-con-noi\/\" \/>\n<meta property=\"og:locale\" content=\"it_IT\" \/>\n<meta property=\"og:type\" content=\"article\" \/>\n<meta property=\"og:title\" content=\"Lavora con noi - Le Clarisse - Rome\" \/>\n<meta property=\"og:description\" content=\"Lavora con noi Unisciti a noi! Ogni giorno creiamo esperienze che vanno oltre il semplice soggiorno: costruiamo ricordi, coltiviamo emozioni e rendiamo ogni visita davvero memorabile. Stiamo cercando professionisti dell&#8217;ospitalit\u00e0 con una forte passione per questo settore, pronti a contribuire al nostro obiettivo di eccellenza. Perch\u00e9 entrare a far parte della nostra squadra? Creativit\u00e0 e ...\" \/>\n<meta property=\"og:url\" content=\"https:\/\/www.leclarisse.com\/it\/lavora-con-noi\/\" \/>\n<meta property=\"og:site_name\" content=\"Le Clarisse - Rome\" \/>\n<meta property=\"article:modified_time\" content=\"2025-07-14T09:10:50+00:00\" \/>\n<meta name=\"twitter:card\" content=\"summary_large_image\" \/>\n<meta name=\"twitter:label1\" content=\"Tempo di lettura stimato\" \/>\n\t<meta name=\"twitter:data1\" content=\"2 minuti\" \/>\n<script type=\"application\/ld+json\" class=\"yoast-schema-graph\">{\"@context\":\"https:\/\/schema.org\",\"@graph\":[{\"@type\":\"WebPage\",\"@id\":\"https:\/\/www.leclarisse.com\/it\/lavora-con-noi\/\",\"url\":\"https:\/\/www.leclarisse.com\/it\/lavora-con-noi\/\",\"name\":\"Lavora con noi - Le Clarisse - Rome\",\"isPartOf\":{\"@id\":\"https:\/\/www.leclarisse.com\/it\/#website\"},\"datePublished\":\"2024-09-16T12:59:12+00:00\",\"dateModified\":\"2025-07-14T09:10:50+00:00\",\"breadcrumb\":{\"@id\":\"https:\/\/www.leclarisse.com\/it\/lavora-con-noi\/#breadcrumb\"},\"inLanguage\":\"it-IT\",\"potentialAction\":[{\"@type\":\"ReadAction\",\"target\":[\"https:\/\/www.leclarisse.com\/it\/lavora-con-noi\/\"]}]},{\"@type\":\"BreadcrumbList\",\"@id\":\"https:\/\/www.leclarisse.com\/it\/lavora-con-noi\/#breadcrumb\",\"itemListElement\":[{\"@type\":\"ListItem\",\"position\":1,\"name\":\"Home\",\"item\":\"https:\/\/www.leclarisse.com\/it\/\"},{\"@type\":\"ListItem\",\"position\":2,\"name\":\"Lavora con noi\"}]},{\"@type\":\"WebSite\",\"@id\":\"https:\/\/www.leclarisse.com\/it\/#website\",\"url\":\"https:\/\/www.leclarisse.com\/it\/\",\"name\":\"Le Clarisse - Rome\",\"description\":\"\",\"publisher\":{\"@id\":\"https:\/\/www.leclarisse.com\/it\/#organization\"},\"potentialAction\":[{\"@type\":\"SearchAction\",\"target\":{\"@type\":\"EntryPoint\",\"urlTemplate\":\"https:\/\/www.leclarisse.com\/it\/?s={search_term_string}\"},\"query-input\":{\"@type\":\"PropertyValueSpecification\",\"valueRequired\":true,\"valueName\":\"search_term_string\"}}],\"inLanguage\":\"it-IT\"},{\"@type\":\"Organization\",\"@id\":\"https:\/\/www.leclarisse.com\/it\/#organization\",\"name\":\"Le Clarisse - Rome\",\"url\":\"https:\/\/www.leclarisse.com\/it\/\",\"logo\":{\"@type\":\"ImageObject\",\"inLanguage\":\"it-IT\",\"@id\":\"https:\/\/www.leclarisse.com\/it\/#\/schema\/logo\/image\/\",\"url\":\"https:\/\/www.leclarisse.com\/wp-content\/uploads\/2024\/11\/Asset-1@1.5x.webp\",\"contentUrl\":\"https:\/\/www.leclarisse.com\/wp-content\/uploads\/2024\/11\/Asset-1@1.5x.webp\",\"width\":1085,\"height\":960,\"caption\":\"Le Clarisse - Rome\"},\"image\":{\"@id\":\"https:\/\/www.leclarisse.com\/it\/#\/schema\/logo\/image\/\"}}]}<\/script>\n<!-- \/ Yoast SEO plugin. -->","yoast_head_json":{"title":"Lavora con noi - Le Clarisse - Rome","robots":{"index":"index","follow":"follow","max-snippet":"max-snippet:-1","max-image-preview":"max-image-preview:large","max-video-preview":"max-video-preview:-1"},"canonical":"https:\/\/www.leclarisse.com\/it\/lavora-con-noi\/","og_locale":"it_IT","og_type":"article","og_title":"Lavora con noi - Le Clarisse - Rome","og_description":"Lavora con noi Unisciti a noi! Ogni giorno creiamo esperienze che vanno oltre il semplice soggiorno: costruiamo ricordi, coltiviamo emozioni e rendiamo ogni visita davvero memorabile. Stiamo cercando professionisti dell&#8217;ospitalit\u00e0 con una forte passione per questo settore, pronti a contribuire al nostro obiettivo di eccellenza. Perch\u00e9 entrare a far parte della nostra squadra? Creativit\u00e0 e ...","og_url":"https:\/\/www.leclarisse.com\/it\/lavora-con-noi\/","og_site_name":"Le Clarisse - Rome","article_modified_time":"2025-07-14T09:10:50+00:00","twitter_card":"summary_large_image","twitter_misc":{"Tempo di lettura stimato":"2 minuti"},"schema":{"@context":"https:\/\/schema.org","@graph":[{"@type":"WebPage","@id":"https:\/\/www.leclarisse.com\/it\/lavora-con-noi\/","url":"https:\/\/www.leclarisse.com\/it\/lavora-con-noi\/","name":"Lavora con noi - Le Clarisse - Rome","isPartOf":{"@id":"https:\/\/www.leclarisse.com\/it\/#website"},"datePublished":"2024-09-16T12:59:12+00:00","dateModified":"2025-07-14T09:10:50+00:00","breadcrumb":{"@id":"https:\/\/www.leclarisse.com\/it\/lavora-con-noi\/#breadcrumb"},"inLanguage":"it-IT","potentialAction":[{"@type":"ReadAction","target":["https:\/\/www.leclarisse.com\/it\/lavora-con-noi\/"]}]},{"@type":"BreadcrumbList","@id":"https:\/\/www.leclarisse.com\/it\/lavora-con-noi\/#breadcrumb","itemListElement":[{"@type":"ListItem","position":1,"name":"Home","item":"https:\/\/www.leclarisse.com\/it\/"},{"@type":"ListItem","position":2,"name":"Lavora con noi"}]},{"@type":"WebSite","@id":"https:\/\/www.leclarisse.com\/it\/#website","url":"https:\/\/www.leclarisse.com\/it\/","name":"Le Clarisse - Rome","description":"","publisher":{"@id":"https:\/\/www.leclarisse.com\/it\/#organization"},"potentialAction":[{"@type":"SearchAction","target":{"@type":"EntryPoint","urlTemplate":"https:\/\/www.leclarisse.com\/it\/?s={search_term_string}"},"query-input":{"@type":"PropertyValueSpecification","valueRequired":true,"valueName":"search_term_string"}}],"inLanguage":"it-IT"},{"@type":"Organization","@id":"https:\/\/www.leclarisse.com\/it\/#organization","name":"Le Clarisse - Rome","url":"https:\/\/www.leclarisse.com\/it\/","logo":{"@type":"ImageObject","inLanguage":"it-IT","@id":"https:\/\/www.leclarisse.com\/it\/#\/schema\/logo\/image\/","url":"https:\/\/www.leclarisse.com\/wp-content\/uploads\/2024\/11\/Asset-1@1.5x.webp","contentUrl":"https:\/\/www.leclarisse.com\/wp-content\/uploads\/2024\/11\/Asset-1@1.5x.webp","width":1085,"height":960,"caption":"Le Clarisse - Rome"},"image":{"@id":"https:\/\/www.leclarisse.com\/it\/#\/schema\/logo\/image\/"}}]}},"_links":{"self":[{"href":"https:\/\/www.leclarisse.com\/it\/wp-json\/wp\/v2\/pages\/15352","targetHints":{"allow":["GET"]}}],"collection":[{"href":"https:\/\/www.leclarisse.com\/it\/wp-json\/wp\/v2\/pages"}],"about":[{"href":"https:\/\/www.leclarisse.com\/it\/wp-json\/wp\/v2\/types\/page"}],"author":[{"embeddable":true,"href":"https:\/\/www.leclarisse.com\/it\/wp-json\/wp\/v2\/users\/6"}],"replies":[{"embeddable":true,"href":"https:\/\/www.leclarisse.com\/it\/wp-json\/wp\/v2\/comments?post=15352"}],"version-history":[{"count":6,"href":"https:\/\/www.leclarisse.com\/it\/wp-json\/wp\/v2\/pages\/15352\/revisions"}],"predecessor-version":[{"id":15500,"href":"https:\/\/www.leclarisse.com\/it\/wp-json\/wp\/v2\/pages\/15352\/revisions\/15500"}],"wp:attachment":[{"href":"https:\/\/www.leclarisse.com\/it\/wp-json\/wp\/v2\/media?parent=15352"}],"curies":[{"name":"wp","href":"https:\/\/api.w.org\/{rel}","templated":true}]}}